{"id":2154,"date":"2025-04-14T18:33:44","date_gmt":"2025-04-14T16:33:44","guid":{"rendered":"https:\/\/andre-evard.de\/fondation-messmer\/"},"modified":"2026-02-19T18:40:20","modified_gmt":"2026-02-19T17:40:20","slug":"fondation-messmer","status":"publish","type":"page","link":"http:\/\/andre-evard.de\/fr\/fondation-messmer\/","title":{"rendered":"Fondation Messmer"},"content":{"rendered":"\t\t<div data-elementor-type=\"wp-page\" data-elementor-id=\"2154\" class=\"elementor elementor-2154 elementor-78\" data-elementor-post-type=\"page\">\n\t\t\t\t\t\t<section class=\"elementor-section elementor-top-section elementor-element elementor-element-61a7573 elementor-section-boxed elementor-section-height-default elementor-section-height-default\" data-id=\"61a7573\" data-element_type=\"section\" data-e-type=\"section\" data-settings=\"{&quot;background_background&quot;:&quot;classic&quot;}\">\n\t\t\t\t\t\t<div class=\"elementor-container elementor-column-gap-default\">\n\t\t\t\t\t<div class=\"elementor-column elementor-col-100 elementor-top-column elementor-element elementor-element-e5e9916\" data-id=\"e5e9916\" data-element_type=\"column\" data-e-type=\"column\">\n\t\t\t<div class=\"elementor-widget-wrap elementor-element-populated\">\n\t\t\t\t\t\t<div class=\"elementor-element elementor-element-e250125 elementor-widget elementor-widget-heading\" data-id=\"e250125\" data-element_type=\"widget\" data-e-type=\"widget\" data-widget_type=\"heading.default\">\n\t\t\t\t<div class=\"elementor-widget-container\">\n\t\t\t\t\t<h1 class=\"elementor-heading-title elementor-size-default\">FONDATION ET MUS\u00c9E<\/h1>\t\t\t\t<\/div>\n\t\t\t\t<\/div>\n\t\t\t\t<div class=\"elementor-element elementor-element-89d8fcc elementor-widget elementor-widget-heading\" data-id=\"89d8fcc\" data-element_type=\"widget\" data-e-type=\"widget\" data-widget_type=\"heading.default\">\n\t\t\t\t<div class=\"elementor-widget-container\">\n\t\t\t\t\t<div class=\"elementor-heading-title elementor-size-default\">FONDATION MESSMER<\/div>\t\t\t\t<\/div>\n\t\t\t\t<\/div>\n\t\t\t\t<div class=\"elementor-element elementor-element-771e769 elementor-widget-divider--view-line elementor-widget elementor-widget-divider\" data-id=\"771e769\" data-element_type=\"widget\" data-e-type=\"widget\" data-widget_type=\"divider.default\">\n\t\t\t\t<div class=\"elementor-widget-container\">\n\t\t\t\t\t\t\t<div class=\"elementor-divider\">\n\t\t\t<span class=\"elementor-divider-separator\">\n\t\t\t\t\t\t<\/span>\n\t\t<\/div>\n\t\t\t\t\t\t<\/div>\n\t\t\t\t<\/div>\n\t\t\t\t\t<\/div>\n\t\t<\/div>\n\t\t\t\t\t<\/div>\n\t\t<\/section>\n\t\t\t\t<section class=\"elementor-section elementor-top-section elementor-element elementor-element-6fffa2d elementor-section-boxed elementor-section-height-default elementor-section-height-default\" data-id=\"6fffa2d\" data-element_type=\"section\" data-e-type=\"section\" data-settings=\"{&quot;background_background&quot;:&quot;classic&quot;}\">\n\t\t\t\t\t\t<div class=\"elementor-container elementor-column-gap-default\">\n\t\t\t\t\t<div class=\"elementor-column elementor-col-50 elementor-top-column elementor-element elementor-element-977e13d\" data-id=\"977e13d\" data-element_type=\"column\" data-e-type=\"column\">\n\t\t\t<div class=\"elementor-widget-wrap elementor-element-populated\">\n\t\t\t\t\t\t<div class=\"elementor-element elementor-element-8c4a7a5 elementor-widget elementor-widget-spacer\" data-id=\"8c4a7a5\" data-element_type=\"widget\" data-e-type=\"widget\" data-widget_type=\"spacer.default\">\n\t\t\t\t<div class=\"elementor-widget-container\">\n\t\t\t\t\t\t\t<div class=\"elementor-spacer\">\n\t\t\t<div class=\"elementor-spacer-inner\"><\/div>\n\t\t<\/div>\n\t\t\t\t\t\t<\/div>\n\t\t\t\t<\/div>\n\t\t\t\t<div class=\"elementor-element elementor-element-e0e8c2e elementor-widget elementor-widget-heading\" data-id=\"e0e8c2e\" data-element_type=\"widget\" data-e-type=\"widget\" data-widget_type=\"heading.default\">\n\t\t\t\t<div class=\"elementor-widget-container\">\n\t\t\t\t\t<h2 class=\"elementor-heading-title elementor-size-default\">Grossherzog-Leopold-Platz 1 | 79359 Riegel am Kaiserstuhl | Allemagne\n<\/h2>\t\t\t\t<\/div>\n\t\t\t\t<\/div>\n\t\t\t\t\t<\/div>\n\t\t<\/div>\n\t\t\t\t<div class=\"elementor-column elementor-col-50 elementor-top-column elementor-element elementor-element-f24d346\" data-id=\"f24d346\" data-element_type=\"column\" data-e-type=\"column\">\n\t\t\t<div class=\"elementor-widget-wrap elementor-element-populated\">\n\t\t\t\t\t\t<div class=\"elementor-element elementor-element-199ee03 elementor-widget elementor-widget-text-editor\" data-id=\"199ee03\" data-element_type=\"widget\" data-e-type=\"widget\" data-widget_type=\"text-editor.default\">\n\t\t\t\t<div class=\"elementor-widget-container\">\n\t\t\t\t\t\t\t\t\t<p>L&rsquo;ann\u00e9e <b>2024<\/b> a \u00e9t\u00e9 tr\u00e8s sp\u00e9ciale pour la Kunsthalle Messmer, car nous avons pu c\u00e9l\u00e9brer notre <b>15e anniversaire<\/b> en \u00e9t\u00e9. Depuis son <b>ouverture en 2009<\/b>, environ <b>un million de visiteurs<\/b> ont partag\u00e9 notre passion pour l&rsquo;art. Pendant cette p\u00e9riode, environ 50 expositions novatrices d&rsquo;artistes de renom tels que <b>Picasso<\/b>, <b>Chagall<\/b>, <b>Niki de Saint Phalle<\/b>, <b>Warhol<\/b> et bien d&rsquo;autres ont \u00e9t\u00e9 r\u00e9alis\u00e9es.  <\/p>\t\t\t\t\t\t\t\t<\/div>\n\t\t\t\t<\/div>\n\t\t\t\t<div class=\"elementor-element elementor-element-e149dbe elementor-widget elementor-widget-text-editor\" data-id=\"e149dbe\" data-element_type=\"widget\" data-e-type=\"widget\" data-widget_type=\"text-editor.default\">\n\t\t\t\t<div class=\"elementor-widget-container\">\n\t\t\t\t\t\t\t\t\t<p>La collection Messmer poss\u00e8de <b>le fonds le plus important et le plus significatif au monde<\/b> des \u0153uvres de l&rsquo;<b>artiste suisse Andr\u00e9 <\/b><b>Evard<\/b> (1876-1972). \u00c0 partir de 1913, Evard s&rsquo;est consacr\u00e9 dans sa peinture \u00e0 des abstractions g\u00e9om\u00e9triques, ce qui fait de lui l&rsquo;un des pionniers de ce style en Suisse. Depuis la cr\u00e9ation de la Kunsthalle, J\u00fcrgen Messmer a eu \u00e0 c\u0153ur de d\u00e9dier un prix \u00e0 ce p\u00e8re fondateur de l&rsquo;art concret et constructif. Dot\u00e9 de <b>10 000 euros, le Prix International Andr\u00e9 <\/b><b>Evard<\/b><b> <\/b>est d\u00e9sormais l&rsquo;une des <b>plus importantes distinctions<\/b> pour l&rsquo;<b>art concret et constructif<\/b> et attirera \u00e9galement cette ann\u00e9e des amateurs d&rsquo;art du monde entier \u00e0 Riegel.   <\/p>\t\t\t\t\t\t\t\t<\/div>\n\t\t\t\t<\/div>\n\t\t\t\t\t<\/div>\n\t\t<\/div>\n\t\t\t\t\t<\/div>\n\t\t<\/section>\n\t\t\t\t<section class=\"elementor-section elementor-top-section elementor-element elementor-element-3fa557a elementor-section-boxed elementor-section-height-default elementor-section-height-default\" data-id=\"3fa557a\" data-element_type=\"section\" data-e-type=\"section\" data-settings=\"{&quot;background_background&quot;:&quot;classic&quot;}\">\n\t\t\t\t\t\t<div class=\"elementor-container elementor-column-gap-default\">\n\t\t\t\t\t<div class=\"elementor-column elementor-col-100 elementor-top-column elementor-element elementor-element-b69fd67\" data-id=\"b69fd67\" data-element_type=\"column\" data-e-type=\"column\">\n\t\t\t<div class=\"elementor-widget-wrap elementor-element-populated\">\n\t\t\t\t\t\t<div class=\"elementor-element elementor-element-5130200 elementor-widget elementor-widget-text-editor\" data-id=\"5130200\" data-element_type=\"widget\" data-e-type=\"widget\" data-widget_type=\"text-editor.default\">\n\t\t\t\t<div class=\"elementor-widget-container\">\n\t\t\t\t\t\t\t\t\t<p class=\"p2\">La <b>messmer foundation<\/b> est issue de la fondation Petra und J\u00fcrgen A. Messmer, que J\u00fcrgen A. Messmer avait cr\u00e9\u00e9e en 2005 en m\u00e9moire de sa fille et associ\u00e9e, Petra Kerstin, d\u00e9c\u00e9d\u00e9e en 2003. Le design et l&rsquo;art avaient toujours \u00e9troitement li\u00e9 le p\u00e8re et la fille. Avec le changement de nom en messmer foundation, la base institutionnelle pour un travail mus\u00e9al durable et professionnel a \u00e9t\u00e9 \u00e9tablie.  <\/p><p class=\"p2\">La Kunsthalle Messmer est l&rsquo;entit\u00e9 porteuse de la fondation. Elle a \u00e9t\u00e9 inaugur\u00e9e le 20 juin 2009 avec l&rsquo;exposition \u00ab Hommage \u00e0 Andr\u00e9 Evard \u00bb. La Kunsthalle est situ\u00e9e dans une partie de l&rsquo;ancien ch\u00e2teau de la brasserie de Riegel, vieux de plus de 130 ans, au confluent de la Dreisam, de l&rsquo;Elz et de la Glotter. Sur environ 900 m\u00e8tres carr\u00e9s d&rsquo;espace d&rsquo;exposition et dans un vaste jardin de sculptures, des \u0153uvres de l&rsquo;art moderne classique et de l&rsquo;art contemporain sont pr\u00e9sent\u00e9es.  <\/p><p class=\"p2\">Depuis son ouverture, la Kunsthalle est devenue l&rsquo;un des principaux lieux d&rsquo;exposition d&rsquo;art moderne et contemporain du sud de l&rsquo;Allemagne. Environ un million de visiteurs ont fr\u00e9quent\u00e9 les expositions au cours des 15 derni\u00e8res ann\u00e9es. L&rsquo;ann\u00e9e 2024 a marqu\u00e9 une \u00e9tape importante dans l&rsquo;histoire de l&rsquo;institution avec son 15e anniversaire. Au cours de cette p\u00e9riode, une cinquantaine d&rsquo;expositions pionni\u00e8res ont \u00e9t\u00e9 r\u00e9alis\u00e9es, notamment des pr\u00e9sentations d&rsquo;artistes de renomm\u00e9e internationale tels que Pablo Picasso, Marc Chagall, Niki de Saint Phalle et Andy Warhol. La Kunsthalle s&rsquo;est ainsi impos\u00e9e comme un p\u00f4le culturel majeur dans la r\u00e9gion.    <\/p><p class=\"p2\">La collection Messmer conf\u00e8re \u00e0 l&rsquo;institution un profil particulier. Elle comprend la plus grande et la plus importante collection mondiale d&rsquo;\u0153uvres de l&rsquo;artiste suisse Andr\u00e9 Evard. D\u00e8s 1913, Evard s&rsquo;est tourn\u00e9 vers l&rsquo;abstraction g\u00e9om\u00e9trique et est consid\u00e9r\u00e9 comme l&rsquo;un des pionniers de l&rsquo;art concret-constructif en Suisse. En 1975, J\u00fcrgen A. Messmer a r\u00e9ussi \u00e0 acqu\u00e9rir une grande partie de la succession artistique, jetant ainsi les bases de cette collection unique.   <\/p><p class=\"p2\">En l&rsquo;honneur de l&rsquo;artiste, le Prix International Andr\u00e9 Evard a \u00e9t\u00e9 cr\u00e9\u00e9 \u2013 une pr\u00e9occupation centrale de J\u00fcrgen A. Messmer depuis la fondation de la Kunsthalle. Avec une dotation de 10 000 euros, ce prix compte aujourd&rsquo;hui parmi les plus importants dans le domaine de l&rsquo;art concret-constructif. Tous les 3 ans, plusieurs centaines d&rsquo;artistes du monde entier postulent ; une s\u00e9lection de positions remarquables est pr\u00e9sent\u00e9e lors d&rsquo;une grande exposition collective \u00e0 Riegel. Cette ann\u00e9e encore, le concours attirera l&rsquo;attention internationale sur la Kunsthalle et renforcera son r\u00f4le de lieu vivant de l&rsquo;art constructif et concret.   <\/p><p class=\"p2\">La messmer foundation combine ainsi collection, exposition et promotion active de l&rsquo;art \u2013 et poursuit r\u00e9solument l&rsquo;engagement de son fondateur dans l&rsquo;avenir.<\/p><p class=\"p2\">2026 est une ann\u00e9e particuli\u00e8re pour Evard : nous c\u00e9l\u00e9brons son 150e anniversaire. \u00c0 l&rsquo;occasion de cet anniversaire, son \u0153uvre sera honor\u00e9e \u00e0 l&rsquo;\u00e9chelle internationale. Tout d&rsquo;abord, l&rsquo;\u0153uvre sera pr\u00e9sent\u00e9e \u00e0 la Galerie Schrade au ch\u00e2teau de Mochental dans une exposition individuelle \u00ab Andr\u00e9 Evard \u2013 Abstraction pr\u00e9coce 1920\u20131960 \u00bb du 1er mars au 26 avril 2026. Ensuite, l&rsquo;\u0153uvre d&rsquo;Evard sera visible du 12 juin au 20 septembre 2026 dans une exposition au Powerlong Museum de Shanghai, o\u00f9 elle sera pr\u00e9sent\u00e9e \u00e0 un nouveau public en Chine et soulignera l&rsquo;importance mondiale de l&rsquo;artiste.    <\/p><p class=\"p2\">Par la suite, nous accueillerons les \u0153uvres de retour \u00e0 Riegel pour une grande exposition \u00ab 150 ans d&rsquo;Evard &amp; les Avant-gardistes \u00bb du 17 octobre 2026 au 18 avril 2027, o\u00f9 Evard sera pr\u00e9sent\u00e9 en lien avec des artistes tels que Baumeister, Paul Klee et d&rsquo;autres figures internationalement reconnues.  <\/p>\t\t\t\t\t\t\t\t<\/div>\n\t\t\t\t<\/div>\n\t\t\t\t\t<\/div>\n\t\t<\/div>\n\t\t\t\t\t<\/div>\n\t\t<\/section>\n\t\t\t\t<\/div>\n\t\t","protected":false},"excerpt":{"rendered":"<p>FONDATION ET MUS\u00c9E FONDATION MESSMER Grossherzog-Leopold-Platz 1 | 79359 Riegel am Kaiserstuhl | Allemagne L&rsquo;ann\u00e9e 2024 a \u00e9t\u00e9 tr\u00e8s sp\u00e9ciale pour la Kunsthalle Messmer, car nous avons pu c\u00e9l\u00e9brer notre 15e anniversaire en \u00e9t\u00e9. Depuis son ouverture en 2009, environ un million de visiteurs ont partag\u00e9 notre passion pour l&rsquo;art. Pendant cette p\u00e9riode, environ 50 [&hellip;]<\/p>\n","protected":false},"author":2,"featured_media":0,"parent":0,"menu_order":0,"comment_status":"closed","ping_status":"closed","template":"","meta":{"iawp_total_views":5,"footnotes":""},"class_list":["post-2154","page","type-page","status-publish","hentry"],"yoast_head":"<!-- This site is optimized with the Yoast SEO plugin v27.4 - https:\/\/yoast.com\/product\/yoast-seo-wordpress\/ -->\n<title>Fondation Messmer - Andr\u00e9 Evard<\/title>\n<meta name=\"robots\" content=\"index, follow, max-snippet:-1, max-image-preview:large, max-video-preview:-1\" \/>\n<link rel=\"canonical\" href=\"http:\/\/andre-evard.de\/fr\/fondation-messmer\/\" \/>\n<meta property=\"og:locale\" content=\"fr_FR\" \/>\n<meta property=\"og:type\" content=\"article\" \/>\n<meta property=\"og:title\" content=\"Fondation Messmer - Andr\u00e9 Evard\" \/>\n<meta property=\"og:description\" content=\"FONDATION ET MUS\u00c9E FONDATION MESSMER Grossherzog-Leopold-Platz 1 | 79359 Riegel am Kaiserstuhl | Allemagne L&rsquo;ann\u00e9e 2024 a \u00e9t\u00e9 tr\u00e8s sp\u00e9ciale pour la Kunsthalle Messmer, car nous avons pu c\u00e9l\u00e9brer notre 15e anniversaire en \u00e9t\u00e9. Depuis son ouverture en 2009, environ un million de visiteurs ont partag\u00e9 notre passion pour l&rsquo;art. Pendant cette p\u00e9riode, environ 50 [&hellip;]\" \/>\n<meta property=\"og:url\" content=\"http:\/\/andre-evard.de\/fr\/fondation-messmer\/\" \/>\n<meta property=\"og:site_name\" content=\"Andr\u00e9 Evard\" \/>\n<meta property=\"article:modified_time\" content=\"2026-02-19T17:40:20+00:00\" \/>\n<meta name=\"twitter:card\" content=\"summary_large_image\" \/>\n<meta name=\"twitter:label1\" content=\"Dur\u00e9e de lecture estim\u00e9e\" \/>\n\t<meta name=\"twitter:data1\" content=\"4 minutes\" \/>\n<script type=\"application\/ld+json\" class=\"yoast-schema-graph\">{\"@context\":\"https:\\\/\\\/schema.org\",\"@graph\":[{\"@type\":\"WebPage\",\"@id\":\"http:\\\/\\\/andre-evard.de\\\/fr\\\/fondation-messmer\\\/\",\"url\":\"http:\\\/\\\/andre-evard.de\\\/fr\\\/fondation-messmer\\\/\",\"name\":\"Fondation Messmer - Andr\u00e9 Evard\",\"isPartOf\":{\"@id\":\"https:\\\/\\\/andre-evard.de\\\/fr\\\/#website\"},\"datePublished\":\"2025-04-14T16:33:44+00:00\",\"dateModified\":\"2026-02-19T17:40:20+00:00\",\"breadcrumb\":{\"@id\":\"http:\\\/\\\/andre-evard.de\\\/fr\\\/fondation-messmer\\\/#breadcrumb\"},\"inLanguage\":\"fr-FR\",\"potentialAction\":[{\"@type\":\"ReadAction\",\"target\":[\"http:\\\/\\\/andre-evard.de\\\/fr\\\/fondation-messmer\\\/\"]}]},{\"@type\":\"BreadcrumbList\",\"@id\":\"http:\\\/\\\/andre-evard.de\\\/fr\\\/fondation-messmer\\\/#breadcrumb\",\"itemListElement\":[{\"@type\":\"ListItem\",\"position\":1,\"name\":\"Accueil\",\"item\":\"http:\\\/\\\/andre-evard.de\\\/fr\\\/\"},{\"@type\":\"ListItem\",\"position\":2,\"name\":\"Fondation Messmer\"}]},{\"@type\":\"WebSite\",\"@id\":\"https:\\\/\\\/andre-evard.de\\\/fr\\\/#website\",\"url\":\"https:\\\/\\\/andre-evard.de\\\/fr\\\/\",\"name\":\"Andr\u00e9 Evard\",\"description\":\"\",\"publisher\":{\"@id\":\"https:\\\/\\\/andre-evard.de\\\/fr\\\/#organization\"},\"potentialAction\":[{\"@type\":\"SearchAction\",\"target\":{\"@type\":\"EntryPoint\",\"urlTemplate\":\"https:\\\/\\\/andre-evard.de\\\/fr\\\/?s={search_term_string}\"},\"query-input\":{\"@type\":\"PropertyValueSpecification\",\"valueRequired\":true,\"valueName\":\"search_term_string\"}}],\"inLanguage\":\"fr-FR\"},{\"@type\":\"Organization\",\"@id\":\"https:\\\/\\\/andre-evard.de\\\/fr\\\/#organization\",\"name\":\"Andr\u00e9 Evard\",\"url\":\"https:\\\/\\\/andre-evard.de\\\/fr\\\/\",\"logo\":{\"@type\":\"ImageObject\",\"inLanguage\":\"fr-FR\",\"@id\":\"https:\\\/\\\/andre-evard.de\\\/fr\\\/#\\\/schema\\\/logo\\\/image\\\/\",\"url\":\"http:\\\/\\\/andre-evard.de\\\/wp-content\\\/uploads\\\/2025\\\/04\\\/Logo-AE-Black.svg\",\"contentUrl\":\"http:\\\/\\\/andre-evard.de\\\/wp-content\\\/uploads\\\/2025\\\/04\\\/Logo-AE-Black.svg\",\"width\":140,\"height\":30,\"caption\":\"Andr\u00e9 Evard\"},\"image\":{\"@id\":\"https:\\\/\\\/andre-evard.de\\\/fr\\\/#\\\/schema\\\/logo\\\/image\\\/\"}}]}<\/script>\n<!-- \/ Yoast SEO plugin. -->","yoast_head_json":{"title":"Fondation Messmer - Andr\u00e9 Evard","robots":{"index":"index","follow":"follow","max-snippet":"max-snippet:-1","max-image-preview":"max-image-preview:large","max-video-preview":"max-video-preview:-1"},"canonical":"http:\/\/andre-evard.de\/fr\/fondation-messmer\/","og_locale":"fr_FR","og_type":"article","og_title":"Fondation Messmer - Andr\u00e9 Evard","og_description":"FONDATION ET MUS\u00c9E FONDATION MESSMER Grossherzog-Leopold-Platz 1 | 79359 Riegel am Kaiserstuhl | Allemagne L&rsquo;ann\u00e9e 2024 a \u00e9t\u00e9 tr\u00e8s sp\u00e9ciale pour la Kunsthalle Messmer, car nous avons pu c\u00e9l\u00e9brer notre 15e anniversaire en \u00e9t\u00e9. Depuis son ouverture en 2009, environ un million de visiteurs ont partag\u00e9 notre passion pour l&rsquo;art. Pendant cette p\u00e9riode, environ 50 [&hellip;]","og_url":"http:\/\/andre-evard.de\/fr\/fondation-messmer\/","og_site_name":"Andr\u00e9 Evard","article_modified_time":"2026-02-19T17:40:20+00:00","twitter_card":"summary_large_image","twitter_misc":{"Dur\u00e9e de lecture estim\u00e9e":"4 minutes"},"schema":{"@context":"https:\/\/schema.org","@graph":[{"@type":"WebPage","@id":"http:\/\/andre-evard.de\/fr\/fondation-messmer\/","url":"http:\/\/andre-evard.de\/fr\/fondation-messmer\/","name":"Fondation Messmer - Andr\u00e9 Evard","isPartOf":{"@id":"https:\/\/andre-evard.de\/fr\/#website"},"datePublished":"2025-04-14T16:33:44+00:00","dateModified":"2026-02-19T17:40:20+00:00","breadcrumb":{"@id":"http:\/\/andre-evard.de\/fr\/fondation-messmer\/#breadcrumb"},"inLanguage":"fr-FR","potentialAction":[{"@type":"ReadAction","target":["http:\/\/andre-evard.de\/fr\/fondation-messmer\/"]}]},{"@type":"BreadcrumbList","@id":"http:\/\/andre-evard.de\/fr\/fondation-messmer\/#breadcrumb","itemListElement":[{"@type":"ListItem","position":1,"name":"Accueil","item":"http:\/\/andre-evard.de\/fr\/"},{"@type":"ListItem","position":2,"name":"Fondation Messmer"}]},{"@type":"WebSite","@id":"https:\/\/andre-evard.de\/fr\/#website","url":"https:\/\/andre-evard.de\/fr\/","name":"Andr\u00e9 Evard","description":"","publisher":{"@id":"https:\/\/andre-evard.de\/fr\/#organization"},"potentialAction":[{"@type":"SearchAction","target":{"@type":"EntryPoint","urlTemplate":"https:\/\/andre-evard.de\/fr\/?s={search_term_string}"},"query-input":{"@type":"PropertyValueSpecification","valueRequired":true,"valueName":"search_term_string"}}],"inLanguage":"fr-FR"},{"@type":"Organization","@id":"https:\/\/andre-evard.de\/fr\/#organization","name":"Andr\u00e9 Evard","url":"https:\/\/andre-evard.de\/fr\/","logo":{"@type":"ImageObject","inLanguage":"fr-FR","@id":"https:\/\/andre-evard.de\/fr\/#\/schema\/logo\/image\/","url":"http:\/\/andre-evard.de\/wp-content\/uploads\/2025\/04\/Logo-AE-Black.svg","contentUrl":"http:\/\/andre-evard.de\/wp-content\/uploads\/2025\/04\/Logo-AE-Black.svg","width":140,"height":30,"caption":"Andr\u00e9 Evard"},"image":{"@id":"https:\/\/andre-evard.de\/fr\/#\/schema\/logo\/image\/"}}]}},"_links":{"self":[{"href":"http:\/\/andre-evard.de\/fr\/wp-json\/wp\/v2\/pages\/2154","targetHints":{"allow":["GET"]}}],"collection":[{"href":"http:\/\/andre-evard.de\/fr\/wp-json\/wp\/v2\/pages"}],"about":[{"href":"http:\/\/andre-evard.de\/fr\/wp-json\/wp\/v2\/types\/page"}],"author":[{"embeddable":true,"href":"http:\/\/andre-evard.de\/fr\/wp-json\/wp\/v2\/users\/2"}],"replies":[{"embeddable":true,"href":"http:\/\/andre-evard.de\/fr\/wp-json\/wp\/v2\/comments?post=2154"}],"version-history":[{"count":2,"href":"http:\/\/andre-evard.de\/fr\/wp-json\/wp\/v2\/pages\/2154\/revisions"}],"predecessor-version":[{"id":3084,"href":"http:\/\/andre-evard.de\/fr\/wp-json\/wp\/v2\/pages\/2154\/revisions\/3084"}],"wp:attachment":[{"href":"http:\/\/andre-evard.de\/fr\/wp-json\/wp\/v2\/media?parent=2154"}],"curies":[{"name":"wp","href":"https:\/\/api.w.org\/{rel}","templated":true}]}}