{"id":3074,"date":"2026-02-19T18:34:41","date_gmt":"2026-02-19T17:34:41","guid":{"rendered":"https:\/\/andre-evard.de\/fondation-messmer-2\/"},"modified":"2026-02-19T18:37:30","modified_gmt":"2026-02-19T17:37:30","slug":"fondation-messmer-2","status":"publish","type":"page","link":"http:\/\/andre-evard.de\/fr\/fondation-messmer-2\/","title":{"rendered":"Fondation Messmer"},"content":{"rendered":"\t\t<div data-elementor-type=\"wp-page\" data-elementor-id=\"3074\" class=\"elementor elementor-3074 elementor-3078\" data-elementor-post-type=\"page\">\n\t\t\t\t\t\t<section class=\"elementor-section elementor-top-section elementor-element elementor-element-37a6ad9 elementor-section-boxed elementor-section-height-default elementor-section-height-default\" data-id=\"37a6ad9\" data-element_type=\"section\" data-e-type=\"section\" data-settings=\"{&quot;background_background&quot;:&quot;classic&quot;}\">\n\t\t\t\t\t\t<div class=\"elementor-container elementor-column-gap-default\">\n\t\t\t\t\t<div class=\"elementor-column elementor-col-100 elementor-top-column elementor-element elementor-element-ccc4add\" data-id=\"ccc4add\" data-element_type=\"column\" data-e-type=\"column\">\n\t\t\t<div class=\"elementor-widget-wrap elementor-element-populated\">\n\t\t\t\t\t\t<div class=\"elementor-element elementor-element-8f153c0 elementor-widget elementor-widget-heading\" data-id=\"8f153c0\" data-element_type=\"widget\" data-e-type=\"widget\" data-widget_type=\"heading.default\">\n\t\t\t\t<div class=\"elementor-widget-container\">\n\t\t\t\t\t<h1 class=\"elementor-heading-title elementor-size-default\">Messmer Foundation et Kunsthalle Messmer<\/h1>\t\t\t\t<\/div>\n\t\t\t\t<\/div>\n\t\t\t\t<div class=\"elementor-element elementor-element-bdac2e0 elementor-widget-divider--view-line elementor-widget elementor-widget-divider\" data-id=\"bdac2e0\" data-element_type=\"widget\" data-e-type=\"widget\" data-widget_type=\"divider.default\">\n\t\t\t\t<div class=\"elementor-widget-container\">\n\t\t\t\t\t\t\t<div class=\"elementor-divider\">\n\t\t\t<span class=\"elementor-divider-separator\">\n\t\t\t\t\t\t<\/span>\n\t\t<\/div>\n\t\t\t\t\t\t<\/div>\n\t\t\t\t<\/div>\n\t\t\t\t\t<\/div>\n\t\t<\/div>\n\t\t\t\t\t<\/div>\n\t\t<\/section>\n\t\t\t\t<section class=\"elementor-section elementor-top-section elementor-element elementor-element-b0217ea elementor-section-boxed elementor-section-height-default elementor-section-height-default\" data-id=\"b0217ea\" data-element_type=\"section\" data-e-type=\"section\" data-settings=\"{&quot;background_background&quot;:&quot;classic&quot;}\">\n\t\t\t\t\t\t<div class=\"elementor-container elementor-column-gap-default\">\n\t\t\t\t\t<div class=\"elementor-column elementor-col-100 elementor-top-column elementor-element elementor-element-a33a560\" data-id=\"a33a560\" data-element_type=\"column\" data-e-type=\"column\">\n\t\t\t<div class=\"elementor-widget-wrap elementor-element-populated\">\n\t\t\t\t\t\t<div class=\"elementor-element elementor-element-2b851d4 elementor-widget elementor-widget-text-editor\" data-id=\"2b851d4\" data-element_type=\"widget\" data-e-type=\"widget\" data-widget_type=\"text-editor.default\">\n\t\t\t\t<div class=\"elementor-widget-container\">\n\t\t\t\t\t\t\t\t\t<p class=\"p2\"><b>Messmer Foundation et Kunsthalle Messmer <\/b><b><\/b><\/p><p class=\"p2\">La <b>messmer foundation<\/b> est issue de la fondation Petra und J\u00fcrgen A. Messmer, que J\u00fcrgen A. Messmer avait cr\u00e9\u00e9e en 2005 en m\u00e9moire de sa fille et associ\u00e9e, Petra Kerstin, d\u00e9c\u00e9d\u00e9e en 2003. Le design et l&rsquo;art avaient toujours \u00e9troitement li\u00e9 le p\u00e8re et la fille. Avec le changement de nom en messmer foundation, la base institutionnelle pour un travail mus\u00e9al durable et professionnel a \u00e9t\u00e9 \u00e9tablie.  <\/p><p class=\"p2\">La Kunsthalle Messmer est l&rsquo;entit\u00e9 porteuse de la fondation. Elle a \u00e9t\u00e9 inaugur\u00e9e le 20 juin 2009 avec l&rsquo;exposition \u00ab Hommage \u00e0 Andr\u00e9 Evard \u00bb. La Kunsthalle est situ\u00e9e dans une partie de l&rsquo;ancien ch\u00e2teau de la brasserie de Riegel, vieux de plus de 130 ans, au confluent de la Dreisam, de l&rsquo;Elz et de la Glotter. Sur environ 900 m\u00e8tres carr\u00e9s d&rsquo;espace d&rsquo;exposition et dans un vaste jardin de sculptures, des \u0153uvres de l&rsquo;art moderne classique et de l&rsquo;art contemporain sont pr\u00e9sent\u00e9es.  <\/p><p class=\"p2\">Depuis son ouverture, la Kunsthalle est devenue l&rsquo;un des principaux lieux d&rsquo;exposition d&rsquo;art moderne et contemporain du sud de l&rsquo;Allemagne. Environ un million de visiteurs ont fr\u00e9quent\u00e9 les expositions au cours des 15 derni\u00e8res ann\u00e9es. L&rsquo;ann\u00e9e 2024 a marqu\u00e9 une \u00e9tape importante dans l&rsquo;histoire de l&rsquo;institution avec son 15e anniversaire. Au cours de cette p\u00e9riode, une cinquantaine d&rsquo;expositions pionni\u00e8res ont \u00e9t\u00e9 r\u00e9alis\u00e9es, notamment des pr\u00e9sentations d&rsquo;artistes de renomm\u00e9e internationale tels que Pablo Picasso, Marc Chagall, Niki de Saint Phalle et Andy Warhol. La Kunsthalle s&rsquo;est ainsi impos\u00e9e comme un p\u00f4le culturel majeur dans la r\u00e9gion.    <\/p><p class=\"p2\">La collection Messmer conf\u00e8re \u00e0 l&rsquo;institution un profil particulier. Elle comprend la plus grande et la plus importante collection mondiale d&rsquo;\u0153uvres de l&rsquo;artiste suisse Andr\u00e9 Evard. D\u00e8s 1913, Evard s&rsquo;est tourn\u00e9 vers l&rsquo;abstraction g\u00e9om\u00e9trique et est consid\u00e9r\u00e9 comme l&rsquo;un des pionniers de l&rsquo;art concret-constructif en Suisse. En 1975, J\u00fcrgen A. Messmer a r\u00e9ussi \u00e0 acqu\u00e9rir une grande partie de la succession artistique, jetant ainsi les bases de cette collection unique.   <\/p><p class=\"p2\">En l&rsquo;honneur de l&rsquo;artiste, le Prix International Andr\u00e9 Evard a \u00e9t\u00e9 cr\u00e9\u00e9 \u2013 une pr\u00e9occupation centrale de J\u00fcrgen A. Messmer depuis la fondation de la Kunsthalle. Avec une dotation de 10 000 euros, ce prix compte aujourd&rsquo;hui parmi les plus importants dans le domaine de l&rsquo;art concret-constructif. Tous les 3 ans, plusieurs centaines d&rsquo;artistes du monde entier postulent ; une s\u00e9lection de positions remarquables est pr\u00e9sent\u00e9e lors d&rsquo;une grande exposition collective \u00e0 Riegel. Cette ann\u00e9e encore, le concours attirera l&rsquo;attention internationale sur la Kunsthalle et renforcera son r\u00f4le de lieu vivant de l&rsquo;art constructif et concret.   <\/p><p class=\"p2\">La messmer foundation combine ainsi collection, exposition et promotion active de l&rsquo;art \u2013 et poursuit r\u00e9solument l&rsquo;engagement de son fondateur dans l&rsquo;avenir.<\/p><p class=\"p2\">2026 est une ann\u00e9e particuli\u00e8re pour Evard : nous c\u00e9l\u00e9brons son 150e anniversaire. \u00c0 l&rsquo;occasion de cet anniversaire, son \u0153uvre sera honor\u00e9e \u00e0 l&rsquo;\u00e9chelle internationale. Tout d&rsquo;abord, l&rsquo;\u0153uvre sera pr\u00e9sent\u00e9e \u00e0 la Galerie Schrade au ch\u00e2teau de Mochental dans une exposition individuelle \u00ab Andr\u00e9 Evard \u2013 Abstraction pr\u00e9coce 1920\u20131960 \u00bb du 1er mars au 26 avril 2026. Ensuite, l&rsquo;\u0153uvre d&rsquo;Evard sera visible du 12 juin au 20 septembre 2026 dans une exposition au Powerlong Museum de Shanghai, o\u00f9 elle sera pr\u00e9sent\u00e9e \u00e0 un nouveau public en Chine et soulignera l&rsquo;importance mondiale de l&rsquo;artiste.    <\/p><p class=\"p2\">Par la suite, nous accueillerons les \u0153uvres de retour \u00e0 Riegel pour une grande exposition \u00ab 150 ans d&rsquo;Evard &amp; les Avant-gardistes \u00bb du 17 octobre 2026 au 18 avril 2027, o\u00f9 Evard sera pr\u00e9sent\u00e9 en lien avec des artistes tels que Baumeister, Paul Klee et d&rsquo;autres figures internationalement reconnues.  <\/p>\t\t\t\t\t\t\t\t<\/div>\n\t\t\t\t<\/div>\n\t\t\t\t\t<\/div>\n\t\t<\/div>\n\t\t\t\t\t<\/div>\n\t\t<\/section>\n\t\t\t\t<\/div>\n\t\t","protected":false},"excerpt":{"rendered":"<p>Messmer Foundation et Kunsthalle Messmer Messmer Foundation et Kunsthalle Messmer La messmer foundation est issue de la fondation Petra und J\u00fcrgen A. Messmer, que J\u00fcrgen A. Messmer avait cr\u00e9\u00e9e en 2005 en m\u00e9moire de sa fille et associ\u00e9e, Petra Kerstin, d\u00e9c\u00e9d\u00e9e en 2003. Le design et l&rsquo;art avaient toujours \u00e9troitement li\u00e9 le p\u00e8re et la [&hellip;]<\/p>\n","protected":false},"author":1,"featured_media":0,"parent":0,"menu_order":0,"comment_status":"closed","ping_status":"closed","template":"","meta":{"iawp_total_views":0,"footnotes":""},"class_list":["post-3074","page","type-page","status-publish","hentry"],"yoast_head":"<!-- This site is optimized with the Yoast SEO plugin v27.4 - https:\/\/yoast.com\/product\/yoast-seo-wordpress\/ -->\n<title>Fondation Messmer - Andr\u00e9 Evard<\/title>\n<meta name=\"robots\" content=\"index, follow, max-snippet:-1, max-image-preview:large, max-video-preview:-1\" \/>\n<link rel=\"canonical\" href=\"http:\/\/andre-evard.de\/fr\/fondation-messmer-2\/\" \/>\n<meta property=\"og:locale\" content=\"fr_FR\" \/>\n<meta property=\"og:type\" content=\"article\" \/>\n<meta property=\"og:title\" content=\"Fondation Messmer - Andr\u00e9 Evard\" \/>\n<meta property=\"og:description\" content=\"Messmer Foundation et Kunsthalle Messmer Messmer Foundation et Kunsthalle Messmer La messmer foundation est issue de la fondation Petra und J\u00fcrgen A. Messmer, que J\u00fcrgen A. Messmer avait cr\u00e9\u00e9e en 2005 en m\u00e9moire de sa fille et associ\u00e9e, Petra Kerstin, d\u00e9c\u00e9d\u00e9e en 2003. Le design et l&rsquo;art avaient toujours \u00e9troitement li\u00e9 le p\u00e8re et la [&hellip;]\" \/>\n<meta property=\"og:url\" content=\"http:\/\/andre-evard.de\/fr\/fondation-messmer-2\/\" \/>\n<meta property=\"og:site_name\" content=\"Andr\u00e9 Evard\" \/>\n<meta property=\"article:modified_time\" content=\"2026-02-19T17:37:30+00:00\" \/>\n<meta name=\"twitter:card\" content=\"summary_large_image\" \/>\n<meta name=\"twitter:label1\" content=\"Dur\u00e9e de lecture estim\u00e9e\" \/>\n\t<meta name=\"twitter:data1\" content=\"3 minutes\" \/>\n<script type=\"application\/ld+json\" class=\"yoast-schema-graph\">{\"@context\":\"https:\\\/\\\/schema.org\",\"@graph\":[{\"@type\":\"WebPage\",\"@id\":\"http:\\\/\\\/andre-evard.de\\\/fr\\\/fondation-messmer-2\\\/\",\"url\":\"http:\\\/\\\/andre-evard.de\\\/fr\\\/fondation-messmer-2\\\/\",\"name\":\"Fondation Messmer - Andr\u00e9 Evard\",\"isPartOf\":{\"@id\":\"http:\\\/\\\/andre-evard.de\\\/fr\\\/#website\"},\"datePublished\":\"2026-02-19T17:34:41+00:00\",\"dateModified\":\"2026-02-19T17:37:30+00:00\",\"breadcrumb\":{\"@id\":\"http:\\\/\\\/andre-evard.de\\\/fr\\\/fondation-messmer-2\\\/#breadcrumb\"},\"inLanguage\":\"fr-FR\",\"potentialAction\":[{\"@type\":\"ReadAction\",\"target\":[\"http:\\\/\\\/andre-evard.de\\\/fr\\\/fondation-messmer-2\\\/\"]}]},{\"@type\":\"BreadcrumbList\",\"@id\":\"http:\\\/\\\/andre-evard.de\\\/fr\\\/fondation-messmer-2\\\/#breadcrumb\",\"itemListElement\":[{\"@type\":\"ListItem\",\"position\":1,\"name\":\"Accueil\",\"item\":\"http:\\\/\\\/andre-evard.de\\\/fr\\\/\"},{\"@type\":\"ListItem\",\"position\":2,\"name\":\"Fondation Messmer\"}]},{\"@type\":\"WebSite\",\"@id\":\"http:\\\/\\\/andre-evard.de\\\/fr\\\/#website\",\"url\":\"http:\\\/\\\/andre-evard.de\\\/fr\\\/\",\"name\":\"Andr\u00e9 Evard\",\"description\":\"\",\"publisher\":{\"@id\":\"http:\\\/\\\/andre-evard.de\\\/fr\\\/#organization\"},\"potentialAction\":[{\"@type\":\"SearchAction\",\"target\":{\"@type\":\"EntryPoint\",\"urlTemplate\":\"http:\\\/\\\/andre-evard.de\\\/fr\\\/?s={search_term_string}\"},\"query-input\":{\"@type\":\"PropertyValueSpecification\",\"valueRequired\":true,\"valueName\":\"search_term_string\"}}],\"inLanguage\":\"fr-FR\"},{\"@type\":\"Organization\",\"@id\":\"http:\\\/\\\/andre-evard.de\\\/fr\\\/#organization\",\"name\":\"Andr\u00e9 Evard\",\"url\":\"http:\\\/\\\/andre-evard.de\\\/fr\\\/\",\"logo\":{\"@type\":\"ImageObject\",\"inLanguage\":\"fr-FR\",\"@id\":\"http:\\\/\\\/andre-evard.de\\\/fr\\\/#\\\/schema\\\/logo\\\/image\\\/\",\"url\":\"http:\\\/\\\/andre-evard.de\\\/wp-content\\\/uploads\\\/2025\\\/04\\\/Logo-AE-Black.svg\",\"contentUrl\":\"http:\\\/\\\/andre-evard.de\\\/wp-content\\\/uploads\\\/2025\\\/04\\\/Logo-AE-Black.svg\",\"width\":140,\"height\":30,\"caption\":\"Andr\u00e9 Evard\"},\"image\":{\"@id\":\"http:\\\/\\\/andre-evard.de\\\/fr\\\/#\\\/schema\\\/logo\\\/image\\\/\"}}]}<\/script>\n<!-- \/ Yoast SEO plugin. -->","yoast_head_json":{"title":"Fondation Messmer - Andr\u00e9 Evard","robots":{"index":"index","follow":"follow","max-snippet":"max-snippet:-1","max-image-preview":"max-image-preview:large","max-video-preview":"max-video-preview:-1"},"canonical":"http:\/\/andre-evard.de\/fr\/fondation-messmer-2\/","og_locale":"fr_FR","og_type":"article","og_title":"Fondation Messmer - Andr\u00e9 Evard","og_description":"Messmer Foundation et Kunsthalle Messmer Messmer Foundation et Kunsthalle Messmer La messmer foundation est issue de la fondation Petra und J\u00fcrgen A. Messmer, que J\u00fcrgen A. Messmer avait cr\u00e9\u00e9e en 2005 en m\u00e9moire de sa fille et associ\u00e9e, Petra Kerstin, d\u00e9c\u00e9d\u00e9e en 2003. Le design et l&rsquo;art avaient toujours \u00e9troitement li\u00e9 le p\u00e8re et la [&hellip;]","og_url":"http:\/\/andre-evard.de\/fr\/fondation-messmer-2\/","og_site_name":"Andr\u00e9 Evard","article_modified_time":"2026-02-19T17:37:30+00:00","twitter_card":"summary_large_image","twitter_misc":{"Dur\u00e9e de lecture estim\u00e9e":"3 minutes"},"schema":{"@context":"https:\/\/schema.org","@graph":[{"@type":"WebPage","@id":"http:\/\/andre-evard.de\/fr\/fondation-messmer-2\/","url":"http:\/\/andre-evard.de\/fr\/fondation-messmer-2\/","name":"Fondation Messmer - Andr\u00e9 Evard","isPartOf":{"@id":"http:\/\/andre-evard.de\/fr\/#website"},"datePublished":"2026-02-19T17:34:41+00:00","dateModified":"2026-02-19T17:37:30+00:00","breadcrumb":{"@id":"http:\/\/andre-evard.de\/fr\/fondation-messmer-2\/#breadcrumb"},"inLanguage":"fr-FR","potentialAction":[{"@type":"ReadAction","target":["http:\/\/andre-evard.de\/fr\/fondation-messmer-2\/"]}]},{"@type":"BreadcrumbList","@id":"http:\/\/andre-evard.de\/fr\/fondation-messmer-2\/#breadcrumb","itemListElement":[{"@type":"ListItem","position":1,"name":"Accueil","item":"http:\/\/andre-evard.de\/fr\/"},{"@type":"ListItem","position":2,"name":"Fondation Messmer"}]},{"@type":"WebSite","@id":"http:\/\/andre-evard.de\/fr\/#website","url":"http:\/\/andre-evard.de\/fr\/","name":"Andr\u00e9 Evard","description":"","publisher":{"@id":"http:\/\/andre-evard.de\/fr\/#organization"},"potentialAction":[{"@type":"SearchAction","target":{"@type":"EntryPoint","urlTemplate":"http:\/\/andre-evard.de\/fr\/?s={search_term_string}"},"query-input":{"@type":"PropertyValueSpecification","valueRequired":true,"valueName":"search_term_string"}}],"inLanguage":"fr-FR"},{"@type":"Organization","@id":"http:\/\/andre-evard.de\/fr\/#organization","name":"Andr\u00e9 Evard","url":"http:\/\/andre-evard.de\/fr\/","logo":{"@type":"ImageObject","inLanguage":"fr-FR","@id":"http:\/\/andre-evard.de\/fr\/#\/schema\/logo\/image\/","url":"http:\/\/andre-evard.de\/wp-content\/uploads\/2025\/04\/Logo-AE-Black.svg","contentUrl":"http:\/\/andre-evard.de\/wp-content\/uploads\/2025\/04\/Logo-AE-Black.svg","width":140,"height":30,"caption":"Andr\u00e9 Evard"},"image":{"@id":"http:\/\/andre-evard.de\/fr\/#\/schema\/logo\/image\/"}}]}},"_links":{"self":[{"href":"http:\/\/andre-evard.de\/fr\/wp-json\/wp\/v2\/pages\/3074","targetHints":{"allow":["GET"]}}],"collection":[{"href":"http:\/\/andre-evard.de\/fr\/wp-json\/wp\/v2\/pages"}],"about":[{"href":"http:\/\/andre-evard.de\/fr\/wp-json\/wp\/v2\/types\/page"}],"author":[{"embeddable":true,"href":"http:\/\/andre-evard.de\/fr\/wp-json\/wp\/v2\/users\/1"}],"replies":[{"embeddable":true,"href":"http:\/\/andre-evard.de\/fr\/wp-json\/wp\/v2\/comments?post=3074"}],"version-history":[{"count":1,"href":"http:\/\/andre-evard.de\/fr\/wp-json\/wp\/v2\/pages\/3074\/revisions"}],"predecessor-version":[{"id":3075,"href":"http:\/\/andre-evard.de\/fr\/wp-json\/wp\/v2\/pages\/3074\/revisions\/3075"}],"wp:attachment":[{"href":"http:\/\/andre-evard.de\/fr\/wp-json\/wp\/v2\/media?parent=3074"}],"curies":[{"name":"wp","href":"https:\/\/api.w.org\/{rel}","templated":true}]}}